{"id":3064,"date":"2026-04-13T09:27:36","date_gmt":"2026-04-13T09:27:36","guid":{"rendered":"https:\/\/montiel.kernel-solutions.net\/?page_id=3064"},"modified":"2026-04-14T10:05:14","modified_gmt":"2026-04-14T10:05:14","slug":"administracion-fincas","status":"publish","type":"page","link":"https:\/\/montiel.kernel-solutions.net\/?page_id=3064","title":{"rendered":"Administraci\u00f3n de Fincas"},"content":{"rendered":"<p>[et_pb_section fb_built=\u00bb1&#8243; _builder_version=\u00bb4.27.4&#8243; _module_preset=\u00bbdefault\u00bb background_color=\u00bbrgba(3,18,107,0.67)\u00bb background_image=\u00bbhttps:\/\/montiel.kernel-solutions.net\/wp-content\/uploads\/2025\/10\/fondo-mazo-scaled.jpg\u00bb background_size=\u00bbcustom\u00bb background_image_width=\u00bb0%\u00bb background_image_height=\u00bb0%\u00bb background_position=\u00bbtop_center\u00bb background_vertical_offset=\u00bb14%\u00bb background_blend=\u00bbcolor\u00bb min_height=\u00bb24rem\u00bb mix_blend_mode=\u00bboverlay\u00bb locked=\u00bboff\u00bb global_colors_info=\u00bb{}\u00bb][et_pb_row _builder_version=\u00bb4.27.4&#8243; _module_preset=\u00bbdefault\u00bb custom_margin=\u00bb0.8rem||||false|false\u00bb global_colors_info=\u00bb{}\u00bb][et_pb_column type=\u00bb4_4&#8243; _builder_version=\u00bb4.27.4&#8243; _module_preset=\u00bbdefault\u00bb global_colors_info=\u00bb{}\u00bb][et_pb_heading title=\u00bbAdministraci\u00f3n de Fincas\u00bb _builder_version=\u00bb4.27.4&#8243; _module_preset=\u00bbdefault\u00bb title_font=\u00bbUrbanist|800|||||||\u00bb title_text_align=\u00bbcenter\u00bb title_text_color=\u00bb#FFFFFF\u00bb title_font_size=\u00bb64px\u00bb title_text_shadow_style=\u00bbpreset1&#8243; global_colors_info=\u00bb{}\u00bb][\/et_pb_heading][\/et_pb_column][\/et_pb_row][\/et_pb_section][et_pb_section fb_built=\u00bb1&#8243; _builder_version=\u00bb4.27.4&#8243; _module_preset=\u00bbdefault\u00bb custom_margin=\u00bb||0px||false|false\u00bb custom_padding=\u00bb||0px||false|false\u00bb global_colors_info=\u00bb{}\u00bb locked=\u00bboff\u00bb][et_pb_row column_structure=\u00bb2_3,1_3&#8243; _builder_version=\u00bb4.27.4&#8243; _module_preset=\u00bbdefault\u00bb custom_margin=\u00bb||||false|false\u00bb custom_padding=\u00bb||3.4rem||false|false\u00bb border_width_bottom=\u00bb1px\u00bb border_color_bottom=\u00bb#234182&#8243; global_colors_info=\u00bb{}\u00bb][et_pb_column type=\u00bb2_3&#8243; _builder_version=\u00bb4.27.4&#8243; _module_preset=\u00bbdefault\u00bb global_colors_info=\u00bb{}\u00bb][et_pb_heading title=\u00bbSu comunidad, nuestra gesti\u00f3n: Su tranquilidad, nuestra prioridad\u00bb _builder_version=\u00bb4.27.4&#8243; _module_preset=\u00bbdefault\u00bb title_level=\u00bbh2&#8243; title_font=\u00bbTitillium Web|700|||||||\u00bb title_text_color=\u00bb#234182&#8243; title_font_size=\u00bb46px\u00bb custom_margin=\u00bb||2rem||false|false\u00bb hover_enabled=\u00bb0&#8243; global_colors_info=\u00bb{}\u00bb sticky_enabled=\u00bb0&#8243;][\/et_pb_heading][et_pb_text _builder_version=\u00bb4.27.4&#8243; _module_preset=\u00bbdefault\u00bb hover_enabled=\u00bb0&#8243; global_colors_info=\u00bb{}\u00bb sticky_enabled=\u00bb0&#8243;]<\/p>\n<p style=\"text-align: justify;\">En <strong>Montiel Abogados<\/strong>, entendemos que una comunidad bien administrada es sin\u00f3nimo de <strong>tranquilidad, valor y calidad de vida<\/strong>. Por eso, ofrecemos un servicio integral de administraci\u00f3n de fincas dise\u00f1ado para <strong>liberarle de cargas, optimizar recursos y anticipar necesidades<\/strong>.<\/p>\n<p style=\"text-align: justify;\">Nos encargamos de todo: desde la gesti\u00f3n econ\u00f3mica y legal, el mantenimiento de instalaciones y la atenci\u00f3n a incidencias, hasta la comunicaci\u00f3n fluida con los propietarios. Nuestra prioridad es convertirnos en su <strong>socio de confianza<\/strong>, trabajando con la m\u00e1xima eficiencia, tecnolog\u00eda de vanguardia y un compromiso absoluto con la transparencia.<\/p>\n<p>[\/et_pb_text][\/et_pb_column][et_pb_column type=\u00bb1_3&#8243; _builder_version=\u00bb4.27.4&#8243; _module_preset=\u00bbdefault\u00bb custom_padding=\u00bb2rem|1rem|2rem|1rem|true|true\u00bb border_radii=\u00bbon|15px|15px|15px|15px\u00bb box_shadow_style=\u00bbpreset1&#8243; global_colors_info=\u00bb{}\u00bb][et_pb_icon font_icon=\u00bb&#xf879;||fa||900&#8243; icon_color=\u00bb#234182&#8243; icon_width=\u00bb36px\u00bb _builder_version=\u00bb4.27.4&#8243; _module_preset=\u00bbdefault\u00bb transform_rotate=\u00bb0deg|0deg|18deg\u00bb custom_margin=\u00bb||0.4rem||false|false\u00bb custom_padding=\u00bb2rem|2rem|2rem|2rem|true|true\u00bb border_radii=\u00bbon|90px|90px|90px|90px\u00bb border_width_all=\u00bb5px\u00bb border_color_all=\u00bb#234182&#8243; global_colors_info=\u00bb{}\u00bb][\/et_pb_icon][et_pb_heading title=\u00bb\u00bfNecesitas ayuda con tu comunidad?\u00bb _builder_version=\u00bb4.27.4&#8243; _module_preset=\u00bbdefault\u00bb title_level=\u00bbh3&#8243; title_font=\u00bb|600|||||||\u00bb title_text_align=\u00bbcenter\u00bb title_text_color=\u00bb#234182&#8243; title_font_size=\u00bb24px\u00bb custom_margin=\u00bb||1rem||false|false\u00bb hover_enabled=\u00bb0&#8243; global_colors_info=\u00bb{}\u00bb sticky_enabled=\u00bb0&#8243;][\/et_pb_heading][et_pb_button button_url=\u00bbtel:956884001&#8243; button_text=\u00bbLl\u00e1manos\u00bb button_alignment=\u00bbcenter\u00bb module_class=\u00bbboton-portada\u00bb _builder_version=\u00bb4.27.4&#8243; _module_preset=\u00bbdefault\u00bb custom_button=\u00bbon\u00bb button_text_size=\u00bb24px\u00bb button_text_color=\u00bb#FFFFFF\u00bb button_bg_color=\u00bb#234182&#8243; button_border_width=\u00bb0px\u00bb button_border_radius=\u00bb10px\u00bb button_letter_spacing=\u00bb0px\u00bb button_font=\u00bbTitillium Web|600|||||||\u00bb button_icon=\u00bb&#xe090;||divi||400&#8243; button_icon_color=\u00bb#FFFFFF\u00bb animation_style=\u00bbbounce\u00bb animation_delay=\u00bb200ms\u00bb custom_css_free_form=\u00bb||\u00bb box_shadow_style=\u00bbpreset2&#8243; locked=\u00bboff\u00bb global_colors_info=\u00bb{}\u00bb][\/et_pb_button][\/et_pb_column][\/et_pb_row][\/et_pb_section][et_pb_section fb_built=\u00bb1&#8243; _builder_version=\u00bb4.27.4&#8243; _module_preset=\u00bbdefault\u00bb global_colors_info=\u00bb{}\u00bb locked=\u00bboff\u00bb][et_pb_row column_structure=\u00bb1_3,1_3,1_3&#8243; use_custom_gutter=\u00bbon\u00bb gutter_width=\u00bb2&#8243; make_equal=\u00bbon\u00bb _builder_version=\u00bb4.27.4&#8243; _module_preset=\u00bbdefault\u00bb global_colors_info=\u00bb{}\u00bb][et_pb_column type=\u00bb1_3&#8243; _builder_version=\u00bb4.27.4&#8243; _module_preset=\u00bbdefault\u00bb custom_padding=\u00bb2rem||2rem||true|false\u00bb border_radii=\u00bbon|15px|15px|15px|15px\u00bb border_width_all=\u00bb1px\u00bb border_color_all=\u00bbrgba(35,65,130,0.29)\u00bb global_colors_info=\u00bb{}\u00bb][et_pb_icon font_icon=\u00bb&#xe0f2;||divi||400&#8243; icon_color=\u00bb#234182&#8243; icon_width=\u00bb48px\u00bb _builder_version=\u00bb4.27.4&#8243; _module_preset=\u00bbdefault\u00bb hover_enabled=\u00bb0&#8243; locked=\u00bboff\u00bb global_colors_info=\u00bb{}\u00bb sticky_enabled=\u00bb0&#8243;][\/et_pb_icon][et_pb_heading title=\u00bbGesti\u00f3n administrativa y contable\u00bb module_class=\u00bbareas-iconos-titulo\u00bb _builder_version=\u00bb4.27.4&#8243; _module_preset=\u00bbdefault\u00bb title_level=\u00bbh2&#8243; title_font=\u00bbUrbanist|600|on||||||\u00bb title_text_align=\u00bbcenter\u00bb title_text_color=\u00bb#234182&#8243; title_font_size=\u00bb22px\u00bb width=\u00bb80%\u00bb module_alignment=\u00bbcenter\u00bb min_height=\u00bb5.8rem\u00bb hover_enabled=\u00bb0&#8243; locked=\u00bboff\u00bb global_colors_info=\u00bb{}\u00bb sticky_enabled=\u00bb0&#8243;][\/et_pb_heading][et_pb_divider color=\u00bb#234182&#8243; _builder_version=\u00bb4.27.4&#8243; _module_preset=\u00bbdefault\u00bb max_width=\u00bb80%\u00bb module_alignment=\u00bbcenter\u00bb global_colors_info=\u00bb{}\u00bb][\/et_pb_divider][et_pb_text _builder_version=\u00bb4.27.4&#8243; _module_preset=\u00bbdefault\u00bb max_width=\u00bb80%\u00bb module_alignment=\u00bbcenter\u00bb hover_enabled=\u00bb0&#8243; global_colors_info=\u00bb{}\u00bb sticky_enabled=\u00bb0&#8243;]<\/p>\n<p style=\"text-align: justify;\">Gesti\u00f3n integral de todos los aspectos administrativos y financieros de tu comunidad, asegurando una administraci\u00f3n transparente y eficiente.<\/p>\n<p style=\"text-align: justify;\">Incluye desde desde la contabilidad detallada y la elaboraci\u00f3n de presupuestos, hasta la gesti\u00f3n de proveedores, la convocatoria de juntas y el cumplimiento de la normativa vigente.\u00a0<\/p>\n<p>[\/et_pb_text][\/et_pb_column][et_pb_column type=\u00bb1_3&#8243; _builder_version=\u00bb4.27.4&#8243; _module_preset=\u00bbdefault\u00bb custom_padding=\u00bb2rem||2rem||true|false\u00bb border_radii=\u00bbon|15px|15px|15px|15px\u00bb border_width_all=\u00bb1px\u00bb border_color_all=\u00bbrgba(35,65,130,0.29)\u00bb global_colors_info=\u00bb{}\u00bb][et_pb_icon font_icon=\u00bb&#xe0fd;||divi||400&#8243; icon_color=\u00bb#234182&#8243; icon_width=\u00bb48px\u00bb _builder_version=\u00bb4.27.4&#8243; _module_preset=\u00bbdefault\u00bb hover_enabled=\u00bb0&#8243; global_colors_info=\u00bb{}\u00bb sticky_enabled=\u00bb0&#8243;][\/et_pb_icon][et_pb_heading title=\u00bbMantenimiento y conservaci\u00f3n\u00bb module_class=\u00bbareas-iconos-titulo\u00bb _builder_version=\u00bb4.27.4&#8243; _module_preset=\u00bbdefault\u00bb title_level=\u00bbh2&#8243; title_font=\u00bbUrbanist|600|on||||||\u00bb title_text_align=\u00bbcenter\u00bb title_text_color=\u00bb#234182&#8243; title_font_size=\u00bb22px\u00bb width=\u00bb80%\u00bb module_alignment=\u00bbcenter\u00bb min_height=\u00bb5.8rem\u00bb hover_enabled=\u00bb0&#8243; global_colors_info=\u00bb{}\u00bb sticky_enabled=\u00bb0&#8243;][\/et_pb_heading][et_pb_divider color=\u00bb#234182&#8243; _builder_version=\u00bb4.27.4&#8243; _module_preset=\u00bbdefault\u00bb max_width=\u00bb80%\u00bb module_alignment=\u00bbcenter\u00bb global_colors_info=\u00bb{}\u00bb][\/et_pb_divider][et_pb_text _builder_version=\u00bb4.27.4&#8243; _module_preset=\u00bbdefault\u00bb max_width=\u00bb80%\u00bb module_alignment=\u00bbcenter\u00bb hover_enabled=\u00bb0&#8243; global_colors_info=\u00bb{}\u00bb sticky_enabled=\u00bb0&#8243;]<\/p>\n<p style=\"text-align: justify;\">Coordinaci\u00f3n y supervisi\u00f3n de todas las tareas de mantenimiento necesarias para conservar en buen estado las instalaciones de la comunidad.<\/p>\n<p style=\"text-align: justify;\">Esto incluye la planificaci\u00f3n de los trabajos peri\u00f3dicos y extraordinarios, la gesti\u00f3n de proveedores y contratistas, y la inspecci\u00f3n de la calidad de los servicios realizados.\u00a0<\/p>\n<p>[\/et_pb_text][\/et_pb_column][et_pb_column type=\u00bb1_3&#8243; _builder_version=\u00bb4.27.4&#8243; _module_preset=\u00bbdefault\u00bb custom_padding=\u00bb2rem||2rem||true|false\u00bb border_radii=\u00bbon|15px|15px|15px|15px\u00bb border_width_all=\u00bb1px\u00bb border_color_all=\u00bbrgba(35,65,130,0.29)\u00bb global_colors_info=\u00bb{}\u00bb][et_pb_icon font_icon=\u00bb&#xf24e;||fa||900&#8243; icon_color=\u00bb#234182&#8243; icon_width=\u00bb48px\u00bb _builder_version=\u00bb4.27.4&#8243; _module_preset=\u00bbdefault\u00bb hover_enabled=\u00bb0&#8243; global_colors_info=\u00bb{}\u00bb sticky_enabled=\u00bb0&#8243;][\/et_pb_icon][et_pb_heading title=\u00bbAsesoramiento jur\u00eddico y cumplimiento normativo\u00bb module_class=\u00bbareas-iconos-titulo\u00bb _builder_version=\u00bb4.27.4&#8243; _module_preset=\u00bbdefault\u00bb title_level=\u00bbh2&#8243; title_font=\u00bbUrbanist|600|on||||||\u00bb title_text_align=\u00bbcenter\u00bb title_text_color=\u00bb#234182&#8243; title_font_size=\u00bb22px\u00bb width=\u00bb80%\u00bb module_alignment=\u00bbcenter\u00bb min_height=\u00bb5.8rem\u00bb hover_enabled=\u00bb0&#8243; global_colors_info=\u00bb{}\u00bb sticky_enabled=\u00bb0&#8243;][\/et_pb_heading][et_pb_divider color=\u00bb#234182&#8243; _builder_version=\u00bb4.27.4&#8243; _module_preset=\u00bbdefault\u00bb max_width=\u00bb80%\u00bb module_alignment=\u00bbcenter\u00bb global_colors_info=\u00bb{}\u00bb][\/et_pb_divider][et_pb_text _builder_version=\u00bb4.27.4&#8243; _module_preset=\u00bbdefault\u00bb max_width=\u00bb80%\u00bb module_alignment=\u00bbcenter\u00bb hover_enabled=\u00bb0&#8243; global_colors_info=\u00bb{}\u00bb sticky_enabled=\u00bb0&#8243;]<\/p>\n<p>Garantizamos el estricto cumplimiento de la Ley de Propiedad Horizontal y normativa asociada, ofreciendo orientaci\u00f3n experta en: interpretaci\u00f3n de estatutos, convocatoria de juntas, redacci\u00f3n de actas y resoluci\u00f3n de conflictos.<\/p>\n<p>Este acompa\u00f1amiento continuo protege los intereses de la comunidad, minimiza riesgos y asegura la estabilidad y buen gobierno de la finca.<\/p>\n<p>[\/et_pb_text][\/et_pb_column][\/et_pb_row][et_pb_row column_structure=\u00bb1_3,1_3,1_3&#8243; use_custom_gutter=\u00bbon\u00bb gutter_width=\u00bb2&#8243; make_equal=\u00bbon\u00bb _builder_version=\u00bb4.27.4&#8243; _module_preset=\u00bbdefault\u00bb hover_enabled=\u00bb0&#8243; global_colors_info=\u00bb{}\u00bb sticky_enabled=\u00bb0&#8243;][et_pb_column type=\u00bb1_3&#8243; _builder_version=\u00bb4.27.4&#8243; _module_preset=\u00bbdefault\u00bb custom_padding=\u00bb2rem||2rem||true|false\u00bb border_radii=\u00bbon|15px|15px|15px|15px\u00bb border_width_all=\u00bb1px\u00bb border_color_all=\u00bbrgba(35,65,130,0.29)\u00bb global_colors_info=\u00bb{}\u00bb][et_pb_icon font_icon=\u00bb&#xf153;||fa||900&#8243; icon_color=\u00bb#234182&#8243; icon_width=\u00bb48px\u00bb _builder_version=\u00bb4.27.4&#8243; _module_preset=\u00bbdefault\u00bb hover_enabled=\u00bb0&#8243; global_colors_info=\u00bb{}\u00bb sticky_enabled=\u00bb0&#8243;][\/et_pb_icon][et_pb_heading title=\u00bbGesti\u00f3n de cobros y morosidad\u00bb module_class=\u00bbareas-iconos-titulo\u00bb _builder_version=\u00bb4.27.4&#8243; _module_preset=\u00bbdefault\u00bb title_level=\u00bbh2&#8243; title_font=\u00bbUrbanist|600|on||||||\u00bb title_text_align=\u00bbcenter\u00bb title_text_color=\u00bb#234182&#8243; title_font_size=\u00bb22px\u00bb width=\u00bb80%\u00bb module_alignment=\u00bbcenter\u00bb min_height=\u00bb5.8rem\u00bb hover_enabled=\u00bb0&#8243; custom_css_main_element=\u00bb||\u00bb global_colors_info=\u00bb{}\u00bb sticky_enabled=\u00bb0&#8243;][\/et_pb_heading][et_pb_divider color=\u00bb#234182&#8243; _builder_version=\u00bb4.27.4&#8243; _module_preset=\u00bbdefault\u00bb max_width=\u00bb80%\u00bb module_alignment=\u00bbcenter\u00bb global_colors_info=\u00bb{}\u00bb][\/et_pb_divider][et_pb_text _builder_version=\u00bb4.27.4&#8243; _module_preset=\u00bbdefault\u00bb max_width=\u00bb80%\u00bb module_alignment=\u00bbcenter\u00bb hover_enabled=\u00bb0&#8243; global_colors_info=\u00bb{}\u00bb sticky_enabled=\u00bb0&#8243;]<\/p>\n<p style=\"text-align: justify;\">La gesti\u00f3n de cobros y morosidad es un pilar fundamental para la salud financiera y la convivencia en cualquier comunidad para el mantenimiento de los servicios comunes.<\/p>\n<p style=\"text-align: justify;\">Implementamos un sistema de seguimiento riguroso y comunicativo, priorizando la mediaci\u00f3n y buscando soluciones antes de escalar a v\u00edas legales. El objetivo es proteger los intereses de la comunidad, asegurando la equidad entre todos los propietarios y la sostenibilidad de la finca.<\/p>\n<p>[\/et_pb_text][\/et_pb_column][et_pb_column type=\u00bb1_3&#8243; _builder_version=\u00bb4.27.4&#8243; _module_preset=\u00bbdefault\u00bb custom_padding=\u00bb2rem||2rem||true|false\u00bb border_radii=\u00bbon|15px|15px|15px|15px\u00bb border_width_all=\u00bb1px\u00bb border_color_all=\u00bbrgba(35,65,130,0.29)\u00bb global_colors_info=\u00bb{}\u00bb][et_pb_icon font_icon=\u00bb&#xe035;||divi||400&#8243; icon_color=\u00bb#234182&#8243; icon_width=\u00bb48px\u00bb _builder_version=\u00bb4.27.4&#8243; _module_preset=\u00bbdefault\u00bb hover_enabled=\u00bb0&#8243; global_colors_info=\u00bb{}\u00bb sticky_enabled=\u00bb0&#8243;][\/et_pb_icon][et_pb_heading title=\u00bbGesti\u00f3n de incidencias\u00bb module_class=\u00bbareas-iconos-titulo\u00bb _builder_version=\u00bb4.27.4&#8243; _module_preset=\u00bbdefault\u00bb title_level=\u00bbh2&#8243; title_font=\u00bbUrbanist|600|on||||||\u00bb title_text_align=\u00bbcenter\u00bb title_text_color=\u00bb#234182&#8243; title_font_size=\u00bb22px\u00bb width=\u00bb80%\u00bb module_alignment=\u00bbcenter\u00bb min_height=\u00bb5.8rem\u00bb hover_enabled=\u00bb0&#8243; global_colors_info=\u00bb{}\u00bb sticky_enabled=\u00bb0&#8243;][\/et_pb_heading][et_pb_divider color=\u00bb#234182&#8243; _builder_version=\u00bb4.27.4&#8243; _module_preset=\u00bbdefault\u00bb max_width=\u00bb80%\u00bb module_alignment=\u00bbcenter\u00bb global_colors_info=\u00bb{}\u00bb][\/et_pb_divider][et_pb_text _builder_version=\u00bb4.27.4&#8243; _module_preset=\u00bbdefault\u00bb max_width=\u00bb80%\u00bb module_alignment=\u00bbcenter\u00bb hover_enabled=\u00bb0&#8243; global_colors_info=\u00bb{}\u00bb sticky_enabled=\u00bb0&#8243;]<\/p>\n<p style=\"text-align: justify;\">La gesti\u00f3n de incidencias es el n\u00facleo operativo de un servicio de administraci\u00f3n eficaz. Consiste en la recepci\u00f3n, registro, priorizaci\u00f3n y resoluci\u00f3n coordinada de cualquier anomal\u00eda o aver\u00eda reportada en la comunidad.<\/p>\n<p style=\"text-align: justify;\">Nuestro procedimiento garantiza una respuesta \u00e1gil, canalizando cada incidencia hacia el profesional o proveedor id\u00f3neo, y manteniendo informados a los propietarios en todo momento. El objetivo es minimizar las molestias y preservar el valor y el bienestar de la finca.<\/p>\n<p>[\/et_pb_text][\/et_pb_column][et_pb_column type=\u00bb1_3&#8243; _builder_version=\u00bb4.27.4&#8243; _module_preset=\u00bbdefault\u00bb custom_padding=\u00bb2rem||2rem||true|false\u00bb border_radii=\u00bbon|15px|15px|15px|15px\u00bb border_width_all=\u00bb1px\u00bb border_color_all=\u00bbrgba(35,65,130,0.29)\u00bb global_colors_info=\u00bb{}\u00bb][et_pb_icon font_icon=\u00bb&#xf51c;||fa||900&#8243; icon_color=\u00bb#234182&#8243; icon_width=\u00bb48px\u00bb _builder_version=\u00bb4.27.4&#8243; _module_preset=\u00bbdefault\u00bb hover_enabled=\u00bb0&#8243; global_colors_info=\u00bb{}\u00bb sticky_enabled=\u00bb0&#8243;][\/et_pb_icon][et_pb_heading title=\u00bbComunicaci\u00f3n y atenci\u00f3n personalizada\u00bb module_class=\u00bbareas-iconos-titulo\u00bb _builder_version=\u00bb4.27.4&#8243; _module_preset=\u00bbdefault\u00bb title_level=\u00bbh2&#8243; title_font=\u00bbUrbanist|600|on||||||\u00bb title_text_align=\u00bbcenter\u00bb title_text_color=\u00bb#234182&#8243; title_font_size=\u00bb22px\u00bb width=\u00bb80%\u00bb module_alignment=\u00bbcenter\u00bb min_height=\u00bb5.8rem\u00bb hover_enabled=\u00bb0&#8243; global_colors_info=\u00bb{}\u00bb sticky_enabled=\u00bb0&#8243;][\/et_pb_heading][et_pb_divider color=\u00bb#234182&#8243; _builder_version=\u00bb4.27.4&#8243; _module_preset=\u00bbdefault\u00bb max_width=\u00bb80%\u00bb module_alignment=\u00bbcenter\u00bb global_colors_info=\u00bb{}\u00bb][\/et_pb_divider][et_pb_text _builder_version=\u00bb4.27.4&#8243; _module_preset=\u00bbdefault\u00bb max_width=\u00bb80%\u00bb module_alignment=\u00bbcenter\u00bb hover_enabled=\u00bb0&#8243; global_colors_info=\u00bb{}\u00bb sticky_enabled=\u00bb0&#8243;]<\/p>\n<p style=\"text-align: justify;\">En la administraci\u00f3n de fincas, la comunicaci\u00f3n clara y constante es el pilar de la confianza. Nos enfocamos en una atenci\u00f3n personalizada, adapt\u00e1ndonos a las necesidades espec\u00edficas de cada comunidad y propietario.<\/p>\n<p style=\"text-align: justify;\">Garantizamos canales accesibles y respuestas \u00e1giles, fomentando la transparencia en la gesti\u00f3n. Nuestro objetivo es construir una relaci\u00f3n de proximidad que transforme la administraci\u00f3n en un servicio cercano y eficaz.<\/p>\n<p>[\/et_pb_text][\/et_pb_column][\/et_pb_row][\/et_pb_section][et_pb_section fb_built=\u00bb1&#8243; _builder_version=\u00bb4.27.4&#8243; _module_preset=\u00bbdefault\u00bb background_color=\u00bb#FFFFFF\u00bb background_enable_pattern_style=\u00bbon\u00bb background_pattern_style=\u00bbdiagonal-stripes-2&#8243; background_pattern_color=\u00bbrgba(0,0,0,0.03)\u00bb border_width_top=\u00bb1px\u00bb border_color_top=\u00bbrgba(35,65,130,0.22)\u00bb locked=\u00bboff\u00bb global_colors_info=\u00bb{}\u00bb][et_pb_row _builder_version=\u00bb4.27.4&#8243; _module_preset=\u00bbdefault\u00bb global_colors_info=\u00bb{}\u00bb][et_pb_column type=\u00bb4_4&#8243; _builder_version=\u00bb4.27.4&#8243; _module_preset=\u00bbdefault\u00bb global_colors_info=\u00bb{}\u00bb][et_pb_heading title=\u00bb\u00bfListo para optimizar su comunidad con una gesti\u00f3n experta a su lado?\u00bb _builder_version=\u00bb4.27.4&#8243; _module_preset=\u00bbdefault\u00bb title_font=\u00bbUrbanist|800|||||||\u00bb title_text_align=\u00bbcenter\u00bb title_text_color=\u00bb#234182&#8243; title_font_size=\u00bb56px\u00bb hover_enabled=\u00bb0&#8243; title_text_shadow_style=\u00bbpreset3&#8243; title_text_shadow_color=\u00bbrgba(71,71,71,0.46)\u00bb global_colors_info=\u00bb{}\u00bb sticky_enabled=\u00bb0&#8243;][\/et_pb_heading][et_pb_text _builder_version=\u00bb4.27.4&#8243; _module_preset=\u00bbdefault\u00bb text_font_size=\u00bb19px\u00bb text_orientation=\u00bbcenter\u00bb hover_enabled=\u00bb0&#8243; text_text_shadow_style=\u00bbpreset3&#8243; text_text_shadow_color=\u00bbrgba(86,86,86,0.26)\u00bb global_colors_info=\u00bb{}\u00bb sticky_enabled=\u00bb0&#8243;]<\/p>\n<p>Invierta en la armon\u00eda y el valor de su propiedad. Un equipo especializado en administraci\u00f3n de fincas es su mejor aliado para resolver gestiones, prevenir conflictos y optimizar los recursos de su comunidad.<\/p>\n<p>[\/et_pb_text][et_pb_button button_url=\u00bb@ET-DC@eyJkeW5hbWljIjp0cnVlLCJjb250ZW50IjoicG9zdF9saW5rX3VybF9wYWdlIiwic2V0dGluZ3MiOnsicG9zdF9pZCI6IjQ4NiJ9fQ==@\u00bb button_text=\u00bbContacta con nosotros\u00bb button_alignment=\u00bbcenter\u00bb _builder_version=\u00bb4.27.4&#8243; _dynamic_attributes=\u00bbbutton_url\u00bb _module_preset=\u00bbdefault\u00bb custom_button=\u00bbon\u00bb button_text_size=\u00bb24px\u00bb button_text_color=\u00bb#FFFFFF\u00bb button_bg_color=\u00bb#234182&#8243; button_border_width=\u00bb0px\u00bb button_border_radius=\u00bb10px\u00bb button_letter_spacing=\u00bb0px\u00bb button_font=\u00bbTitillium Web|600|||||||\u00bb button_icon=\u00bb&#x35;||divi||400&#8243; button_icon_color=\u00bb#FFFFFF\u00bb custom_margin=\u00bb3rem||||false|false\u00bb animation_style=\u00bbflip\u00bb animation_delay=\u00bb200ms\u00bb custom_css_free_form=\u00bb||\u00bb box_shadow_style=\u00bbpreset2&#8243; locked=\u00bboff\u00bb global_colors_info=\u00bb{}\u00bb][\/et_pb_button][\/et_pb_column][\/et_pb_row][\/et_pb_section]<\/p>\n","protected":false},"excerpt":{"rendered":"<p>En Montiel Abogados, entendemos que una comunidad bien administrada es sin\u00f3nimo de tranquilidad, valor y calidad de vida. Por eso, ofrecemos un servicio integral de administraci\u00f3n de fincas dise\u00f1ado para liberarle de cargas, optimizar recursos y anticipar necesidades. Nos encargamos de todo: desde la gesti\u00f3n econ\u00f3mica y legal, el mantenimiento de instalaciones y la atenci\u00f3n [&hellip;]<\/p>\n","protected":false},"author":1,"featured_media":0,"parent":0,"menu_order":0,"comment_status":"closed","ping_status":"closed","template":"","meta":{"_et_pb_use_builder":"on","_et_pb_old_content":"","_et_gb_content_width":"","footnotes":""},"class_list":["post-3064","page","type-page","status-publish","hentry"],"_links":{"self":[{"href":"https:\/\/montiel.kernel-solutions.net\/index.php?rest_route=\/wp\/v2\/pages\/3064","targetHints":{"allow":["GET"]}}],"collection":[{"href":"https:\/\/montiel.kernel-solutions.net\/index.php?rest_route=\/wp\/v2\/pages"}],"about":[{"href":"https:\/\/montiel.kernel-solutions.net\/index.php?rest_route=\/wp\/v2\/types\/page"}],"author":[{"embeddable":true,"href":"https:\/\/montiel.kernel-solutions.net\/index.php?rest_route=\/wp\/v2\/users\/1"}],"replies":[{"embeddable":true,"href":"https:\/\/montiel.kernel-solutions.net\/index.php?rest_route=%2Fwp%2Fv2%2Fcomments&post=3064"}],"version-history":[{"count":12,"href":"https:\/\/montiel.kernel-solutions.net\/index.php?rest_route=\/wp\/v2\/pages\/3064\/revisions"}],"predecessor-version":[{"id":3154,"href":"https:\/\/montiel.kernel-solutions.net\/index.php?rest_route=\/wp\/v2\/pages\/3064\/revisions\/3154"}],"wp:attachment":[{"href":"https:\/\/montiel.kernel-solutions.net\/index.php?rest_route=%2Fwp%2Fv2%2Fmedia&parent=3064"}],"curies":[{"name":"wp","href":"https:\/\/api.w.org\/{rel}","templated":true}]}}